{"id":19,"date":"2022-11-07T09:25:15","date_gmt":"2022-11-07T08:25:15","guid":{"rendered":"https:\/\/www.ac-tronic.com\/?page_id=19"},"modified":"2024-05-17T11:29:40","modified_gmt":"2024-05-17T09:29:40","slug":"notre-activite","status":"publish","type":"page","link":"https:\/\/www.ac-tronic.com\/index.php\/notre-activite\/","title":{"rendered":"Notre activit\u00e9"},"content":{"rendered":"\n<div id=\"wp-block-themeisle-blocks-advanced-columns-0413ebc2\" class=\"wp-block-themeisle-blocks-advanced-columns has-1-columns has-desktop-equal-layout has-tablet-equal-layout has-mobile-equal-layout has-vertical-unset\"><div class=\"wp-block-themeisle-blocks-advanced-columns-overlay\"><\/div><div class=\"innerblocks-wrap\">\n<div id=\"wp-block-themeisle-blocks-advanced-column-4ffe0f12\" class=\"wp-block-themeisle-blocks-advanced-column\">\n<figure class=\"wp-block-image size-large\"><img loading=\"lazy\" decoding=\"async\" width=\"1024\" height=\"308\" src=\"https:\/\/www.ac-tronic.com\/wp-content\/uploads\/2024\/05\/cic045-1024x308.jpg\" alt=\"\" class=\"wp-image-73\" srcset=\"https:\/\/www.ac-tronic.com\/wp-content\/uploads\/2024\/05\/cic045-1024x308.jpg 1024w, https:\/\/www.ac-tronic.com\/wp-content\/uploads\/2024\/05\/cic045-300x90.jpg 300w, https:\/\/www.ac-tronic.com\/wp-content\/uploads\/2024\/05\/cic045-768x231.jpg 768w, https:\/\/www.ac-tronic.com\/wp-content\/uploads\/2024\/05\/cic045-1536x462.jpg 1536w, https:\/\/www.ac-tronic.com\/wp-content\/uploads\/2024\/05\/cic045.jpg 1999w\" sizes=\"auto, (max-width: 1024px) 100vw, 1024px\" \/><\/figure>\n<\/div>\n<\/div><\/div>\n\n\n\n<hr class=\"wp-block-separator has-alpha-channel-opacity\"\/>\n\n\n\n<h2 class=\"wp-block-heading\">Domaines de Comp\u00e9tences<\/h2>\n\n\n\n<ul class=\"wp-block-list\">\n<li>C\u00e2blage filaire (pupitres, peignes, torons, armoires \u00e9lectriques)<\/li>\n\n\n\n<li>R\u00e9alisation de c\u00e2bles et de faisceaux<\/li>\n\n\n\n<li>\u00c9quipements de circuits imprim\u00e9s (traditionnelle, CMS)<\/li>\n\n\n\n<li>Mise au point de mat\u00e9riels<\/li>\n\n\n\n<li>Maintenance ou remise \u00e0 niveau de cartes \u00e9lectroniques<\/li>\n\n\n\n<li>Int\u00e9gration de mat\u00e9riels<\/li>\n\n\n\n<li>R\u00e9alisation de prototypes<\/li>\n<\/ul>\n\n\n\n<h2 class=\"wp-block-heading\">Quelques \u00e9quipements<\/h2>\n\n\n\n<p>Pour nos r\u00e9alisations, l&rsquo;entreprise s&rsquo;est dot\u00e9s d&rsquo;un parc de machines. En voici quelques unes&#8230;<\/p>\n\n\n\n<h3 class=\"wp-block-heading has-text-align-center\">Soudeuse Vague<\/h3>\n\n\n\n<p>Cet \u00e9quipement est id\u00e9al pour des productions de petites et moyennes s\u00e9ries. Machine tr\u00e8s compacte \u00e9quip\u00e9e d\u2019un fluxeur et d\u2019une zone de pr\u00e9chauffage \u00e0 haute performance. <\/p>\n\n\n\n<div class=\"wp-block-media-text is-stacked-on-mobile\"><figure class=\"wp-block-media-text__media\"><img loading=\"lazy\" decoding=\"async\" width=\"1024\" height=\"473\" src=\"https:\/\/www.ac-tronic.com\/wp-content\/uploads\/2024\/05\/1111111111111-1024x473.jpg\" alt=\"\" class=\"wp-image-77 size-full\" srcset=\"https:\/\/www.ac-tronic.com\/wp-content\/uploads\/2024\/05\/1111111111111-1024x473.jpg 1024w, https:\/\/www.ac-tronic.com\/wp-content\/uploads\/2024\/05\/1111111111111-300x139.jpg 300w, https:\/\/www.ac-tronic.com\/wp-content\/uploads\/2024\/05\/1111111111111-768x355.jpg 768w, https:\/\/www.ac-tronic.com\/wp-content\/uploads\/2024\/05\/1111111111111-1536x710.jpg 1536w, https:\/\/www.ac-tronic.com\/wp-content\/uploads\/2024\/05\/1111111111111.jpg 1854w\" sizes=\"auto, (max-width: 1024px) 100vw, 1024px\" \/><\/figure><div class=\"wp-block-media-text__content\">\n<p>Une zone de travail allant jusqu\u2019\u00e0 une largeur de 340mm. <br>Cette machine est adapt\u00e9e pour alliage sans plomb et plomb.<\/p>\n<\/div><\/div>\n\n\n\n<p>  <\/p>\n\n\n\n<h3 class=\"wp-block-heading has-text-align-center\">Four Tunnel \u00e0 Convection Totale<\/h3>\n\n\n\n<p>Il dispose de 3 zones de chauffage et d\u2019un temps de chauffage d\u2019environ 15 minutes \u00e0 la mise en route. Le four a une largeur utile de soudage de 265 mm, une longueur de tunnel de 860 mm, et une hauteur de passage de 25 mm.<\/p>\n\n\n\n<div class=\"wp-block-media-text is-stacked-on-mobile is-vertically-aligned-top\"><figure class=\"wp-block-media-text__media\"><img loading=\"lazy\" decoding=\"async\" width=\"1024\" height=\"473\" src=\"https:\/\/www.ac-tronic.com\/wp-content\/uploads\/2024\/05\/22222222222222-1024x473.jpg\" alt=\"\" class=\"wp-image-79 size-full\" srcset=\"https:\/\/www.ac-tronic.com\/wp-content\/uploads\/2024\/05\/22222222222222-1024x473.jpg 1024w, https:\/\/www.ac-tronic.com\/wp-content\/uploads\/2024\/05\/22222222222222-300x139.jpg 300w, https:\/\/www.ac-tronic.com\/wp-content\/uploads\/2024\/05\/22222222222222-768x355.jpg 768w, https:\/\/www.ac-tronic.com\/wp-content\/uploads\/2024\/05\/22222222222222-1536x710.jpg 1536w, https:\/\/www.ac-tronic.com\/wp-content\/uploads\/2024\/05\/22222222222222.jpg 1997w\" sizes=\"auto, (max-width: 1024px) 100vw, 1024px\" \/><\/figure><div class=\"wp-block-media-text__content\">\n<p>Il offre une vitesse de transport de 15-60 cm\/mn et une temp\u00e9rature maximale de 300\u00b0C.<\/p>\n<\/div><\/div>\n\n\n\n<p>  <\/p>\n\n\n\n<h3 class=\"wp-block-heading has-text-align-center\">Machine de coupe et d\u00e9nudage<\/h3>\n\n\n\n<p>Machine de coupe, d\u00e9nudage MultiStrip 9480 enti\u00e8rement programmable<br>Couteaux syst\u00e8me \u00e0 cassette<br>Multiples applications (refente, coupe de la nappe, coupe tube\u2026)<\/p>\n\n\n\n<div class=\"wp-block-media-text is-stacked-on-mobile is-vertically-aligned-top\"><figure class=\"wp-block-media-text__media\"><img loading=\"lazy\" decoding=\"async\" width=\"1024\" height=\"474\" src=\"https:\/\/www.ac-tronic.com\/wp-content\/uploads\/2024\/05\/33333-1024x474.jpg\" alt=\"\" class=\"wp-image-80 size-full\" srcset=\"https:\/\/www.ac-tronic.com\/wp-content\/uploads\/2024\/05\/33333-1024x474.jpg 1024w, https:\/\/www.ac-tronic.com\/wp-content\/uploads\/2024\/05\/33333-300x139.jpg 300w, https:\/\/www.ac-tronic.com\/wp-content\/uploads\/2024\/05\/33333-768x356.jpg 768w, https:\/\/www.ac-tronic.com\/wp-content\/uploads\/2024\/05\/33333-1536x711.jpg 1536w, https:\/\/www.ac-tronic.com\/wp-content\/uploads\/2024\/05\/33333.jpg 2000w\" sizes=\"auto, (max-width: 1024px) 100vw, 1024px\" \/><\/figure><div class=\"wp-block-media-text__content\">\n<p>Section maximum du c\u00e2ble 20 mm\u00b2 <br>Diam\u00e8tre ext\u00e9rieur du tube : 14 mm<\/p>\n<\/div><\/div>\n\n\n\n<p>   <\/p>\n\n\n\n<h3 class=\"wp-block-heading has-text-align-center\">Presse de sertissage<\/h3>\n\n\n\n<div class=\"wp-block-media-text is-stacked-on-mobile is-vertically-aligned-top\"><figure class=\"wp-block-media-text__media\"><img loading=\"lazy\" decoding=\"async\" width=\"1024\" height=\"473\" src=\"https:\/\/www.ac-tronic.com\/wp-content\/uploads\/2024\/05\/44444-1024x473.jpg\" alt=\"\" class=\"wp-image-81 size-full\" srcset=\"https:\/\/www.ac-tronic.com\/wp-content\/uploads\/2024\/05\/44444-1024x473.jpg 1024w, https:\/\/www.ac-tronic.com\/wp-content\/uploads\/2024\/05\/44444-300x139.jpg 300w, https:\/\/www.ac-tronic.com\/wp-content\/uploads\/2024\/05\/44444-768x355.jpg 768w, https:\/\/www.ac-tronic.com\/wp-content\/uploads\/2024\/05\/44444-1536x710.jpg 1536w, https:\/\/www.ac-tronic.com\/wp-content\/uploads\/2024\/05\/44444.jpg 2000w\" sizes=\"auto, (max-width: 1024px) 100vw, 1024px\" \/><\/figure><div class=\"wp-block-media-text__content\">\n<p>Presse de sertissage UniCrimp 200 pour cosses en bande<\/p>\n<\/div><\/div>\n","protected":false},"excerpt":{"rendered":"<p>Domaines de Comp\u00e9tences Quelques \u00e9quipements Pour nos r\u00e9alisations, l&rsquo;entreprise s&rsquo;est dot\u00e9s d&rsquo;un parc de machines. En voici quelques unes&#8230; Soudeuse Vague Cet \u00e9quipement est id\u00e9al pour des productions de petites et moyennes s\u00e9ries. Machine tr\u00e8s compacte \u00e9quip\u00e9e d\u2019un fluxeur et d\u2019une zone de pr\u00e9chauffage \u00e0 haute performance. Une zone de travail allant jusqu\u2019\u00e0 une largeur [&hellip;]<\/p>\n","protected":false},"author":1,"featured_media":0,"parent":0,"menu_order":0,"comment_status":"closed","ping_status":"closed","template":"fullwidth-page.php","meta":{"_themeisle_gutenberg_block_has_review":false,"footnotes":""},"class_list":["post-19","page","type-page","status-publish","hentry"],"_links":{"self":[{"href":"https:\/\/www.ac-tronic.com\/index.php\/wp-json\/wp\/v2\/pages\/19","targetHints":{"allow":["GET"]}}],"collection":[{"href":"https:\/\/www.ac-tronic.com\/index.php\/wp-json\/wp\/v2\/pages"}],"about":[{"href":"https:\/\/www.ac-tronic.com\/index.php\/wp-json\/wp\/v2\/types\/page"}],"author":[{"embeddable":true,"href":"https:\/\/www.ac-tronic.com\/index.php\/wp-json\/wp\/v2\/users\/1"}],"replies":[{"embeddable":true,"href":"https:\/\/www.ac-tronic.com\/index.php\/wp-json\/wp\/v2\/comments?post=19"}],"version-history":[{"count":10,"href":"https:\/\/www.ac-tronic.com\/index.php\/wp-json\/wp\/v2\/pages\/19\/revisions"}],"predecessor-version":[{"id":87,"href":"https:\/\/www.ac-tronic.com\/index.php\/wp-json\/wp\/v2\/pages\/19\/revisions\/87"}],"wp:attachment":[{"href":"https:\/\/www.ac-tronic.com\/index.php\/wp-json\/wp\/v2\/media?parent=19"}],"curies":[{"name":"wp","href":"https:\/\/api.w.org\/{rel}","templated":true}]}}